{"id":93299,"date":"2025-06-10T09:47:24","date_gmt":"2025-06-10T09:47:24","guid":{"rendered":"http:\/\/hajji.com.tr\/?page_id=93299"},"modified":"2025-10-03T06:53:55","modified_gmt":"2025-10-03T06:53:55","slug":"insan-kaynaklari-hizmetleri","status":"publish","type":"page","link":"http:\/\/hajji.com.tr\/?page_id=93299","title":{"rendered":"\u0130nsan Kaynaklar\u0131 Hizmetleri"},"content":{"rendered":"\t\t<div data-elementor-type=\"wp-page\" data-elementor-id=\"93299\" class=\"elementor elementor-93299\">\n\t\t\t\t<div class=\"elementor-element elementor-element-91e3244 e-flex e-con-boxed e-con e-parent\" data-id=\"91e3244\" data-element_type=\"container\">\n\t\t\t\t\t<div class=\"e-con-inner\">\n\t\t<div class=\"elementor-element elementor-element-38d2235 e-con-full e-flex e-con e-child\" data-id=\"38d2235\" data-element_type=\"container\">\n\t\t\t\t<div class=\"elementor-element elementor-element-3e63275 elementor-widget elementor-widget-sidebar\" data-id=\"3e63275\" data-element_type=\"widget\" data-widget_type=\"sidebar.default\">\n\t\t\t\t<div class=\"elementor-widget-container\">\n\t\t\t\t\t<div class=\"widget widget_nav_menu\"><div class=\"widget-content\"><div class=\"menu-services-menu-container\"><ul id=\"menu-services-menu\" class=\"menu\"><li id=\"menu-item-93313\" class=\"menu-item menu-item-type-post_type menu-item-object-page menu-item-93313\"><a href=\"http:\/\/hajji.com.tr\/?page_id=93299\">\u0130nsan Kaynaklar\u0131 Hizmetleri<\/a><\/li>\n<li id=\"menu-item-93351\" class=\"menu-item menu-item-type-post_type menu-item-object-page menu-item-93351\"><a href=\"http:\/\/hajji.com.tr\/?page_id=93314\">Teknik ve Sosyal Hizmetler<\/a><\/li>\n<li id=\"menu-item-93354\" class=\"menu-item menu-item-type-post_type menu-item-object-page menu-item-93354\"><a href=\"http:\/\/hajji.com.tr\/?page_id=93319\">\u0130\u015f G\u00fcc\u00fc Destek Hizmetleri<\/a><\/li>\n<li id=\"menu-item-93352\" class=\"menu-item menu-item-type-post_type menu-item-object-page menu-item-93352\"><a href=\"http:\/\/hajji.com.tr\/?page_id=93324\">Temizlik Hizmetleri<\/a><\/li>\n<li id=\"menu-item-93355\" class=\"menu-item menu-item-type-post_type menu-item-object-page menu-item-93355\"><a href=\"http:\/\/hajji.com.tr\/?page_id=93329\">G\u00fcvenlik Hizmetleri<\/a><\/li>\n<li id=\"menu-item-93349\" class=\"menu-item menu-item-type-post_type menu-item-object-page menu-item-93349\"><a href=\"http:\/\/hajji.com.tr\/?page_id=93334\">Dan\u0131\u015fmanl\u0131k<\/a><\/li>\n<li id=\"menu-item-93353\" class=\"menu-item menu-item-type-post_type menu-item-object-page menu-item-93353\"><a href=\"http:\/\/hajji.com.tr\/?page_id=93339\">Te\u015fvikler<\/a><\/li>\n<li id=\"menu-item-93350\" class=\"menu-item menu-item-type-post_type menu-item-object-page menu-item-93350\"><a href=\"http:\/\/hajji.com.tr\/?page_id=93344\">Depo \u0130\u015fletmecili\u011fi ve Lojistik Destek Hizmetleri<\/a><\/li>\n<\/ul><\/div><\/div><\/div>\t\t\t\t<\/div>\n\t\t\t\t<\/div>\n\t\t\t\t<\/div>\n\t\t<div class=\"elementor-element elementor-element-595ed24 e-con-full e-flex e-con e-child\" data-id=\"595ed24\" data-element_type=\"container\">\n\t\t\t\t<div class=\"elementor-element elementor-element-be9d77e elementor-widget elementor-widget-heading\" data-id=\"be9d77e\" data-element_type=\"widget\" data-widget_type=\"heading.default\">\n\t\t\t\t<div class=\"elementor-widget-container\">\n\t\t\t\t\t<h5 class=\"elementor-heading-title elementor-size-default\">\u0130nsan Kaynaklar\u0131 Hizmetleri<\/h5>\t\t\t\t<\/div>\n\t\t\t\t<\/div>\n\t\t<div class=\"elementor-element elementor-element-2c3e9ac e-con-full e-flex e-con e-child\" data-id=\"2c3e9ac\" data-element_type=\"container\">\n\t\t<div class=\"elementor-element elementor-element-148a320 e-con-full e-flex e-con e-child\" data-id=\"148a320\" data-element_type=\"container\">\n\t\t\t\t<div class=\"elementor-element elementor-element-577b21a elementor-widget elementor-widget-image\" data-id=\"577b21a\" data-element_type=\"widget\" data-widget_type=\"image.default\">\n\t\t\t\t<div class=\"elementor-widget-container\">\n\t\t\t\t\t\t\t\t\t\t\t\t\t\t\t<img fetchpriority=\"high\" decoding=\"async\" width=\"1170\" height=\"780\" src=\"http:\/\/hajji.com.tr\/wp-content\/uploads\/2024\/07\/service-img3-1.jpg\" class=\"attachment-full size-full wp-image-82960\" alt=\"\" \/>\t\t\t\t\t\t\t\t\t\t\t\t\t\t\t<\/div>\n\t\t\t\t<\/div>\n\t\t\t\t<\/div>\n\t\t<div class=\"elementor-element elementor-element-b83c066 e-con-full e-flex e-con e-child\" data-id=\"b83c066\" data-element_type=\"container\">\n\t\t\t\t<div class=\"elementor-element elementor-element-5fc7ef1 elementor-widget elementor-widget-text-editor\" data-id=\"5fc7ef1\" data-element_type=\"widget\" data-widget_type=\"text-editor.default\">\n\t\t\t\t<div class=\"elementor-widget-container\">\n\t\t\t\t\t\t\t\t\t<p>HAJJI, i\u015fletmelerin insan kaynaklar\u0131 y\u00f6netimi s\u00fcre\u00e7lerini etkin bir \u015fekilde y\u00f6netmelerine yard\u0131mc\u0131 olur. Personel se\u00e7imi, i\u015fe al\u0131m, e\u011fitim ve geli\u015ftirme gibi alanlarda uzmanla\u015farak, i\u015fletmelerin en de\u011ferli varl\u0131\u011f\u0131 olan insan kayna\u011f\u0131n\u0131 en iyi \u015fekilde de\u011ferlendirmelerini sa\u011flar.<\/p>\t\t\t\t\t\t\t\t<\/div>\n\t\t\t\t<\/div>\n\t\t\t\t<\/div>\n\t\t\t\t<\/div>\n\t\t\t\t<\/div>\n\t\t\t\t\t<\/div>\n\t\t\t\t<\/div>\n\t\t<div class=\"elementor-element elementor-element-2dfc5df e-flex e-con-boxed e-con e-parent\" data-id=\"2dfc5df\" data-element_type=\"container\">\n\t\t\t\t\t<div class=\"e-con-inner\">\n\t\t\t\t<div class=\"elementor-element elementor-element-29298a4 elementor-widget elementor-widget-html\" data-id=\"29298a4\" data-element_type=\"widget\" data-widget_type=\"html.default\">\n\t\t\t\t<div class=\"elementor-widget-container\">\n\t\t\t\t\t<!-- HTML: Popup ve Form Yap\u0131s\u0131 -->\n<style>\n  .popup-overlay {\n    position: fixed; top: 0; left: 0;\n    width: 100vw; height: 100vh;\n    background: rgba(0,0,0,0.7);\n    display: none; justify-content: center; align-items: center;\n    z-index: 9999;\n  }\n  .popup {\n    background: #fff; padding: 30px; border-radius: 10px;\n    max-width: 500px; width: 90%; font-family: sans-serif;\n    position: relative;\n  }\n  .close-btn {\n    position: absolute; top: 15px; right: 20px;\n    font-size: 24px; color: #333; cursor: pointer;\n  }\n  .form-group { margin-bottom: 15px; }\n  .form-group label { display: block; font-weight: bold; margin-bottom: 5px; }\n  .form-group input, .form-group select, .form-group textarea {\n    width: 100%; padding: 8px; border: 1px solid #ccc; border-radius: 5px;\n  }\n  .checkbox-group {\n    display: flex; flex-direction: column; gap: 8px;\n  }\n  .submit-btn {\n    background-color: #FFB30F; color: white;\n    padding: 10px 20px; border: none; border-radius: 6px; cursor: pointer;\n  }\n<\/style>\n\n<div class=\"popup-overlay\" id=\"popup-overlay\">\n  <div class=\"popup\">\n    <span class=\"close-btn\" onclick=\"closePopup()\">&times;<\/span>\n\n    <div id=\"form-content\">\n      <h5>Hizmet Talep Formu<\/h5>\n      <form id=\"hizmetForm\">\n        <div class=\"form-group\">\n          <label>Ad\u0131n\u0131z ve Soyad\u0131n\u0131z<\/label>\n          <input type=\"text\" name=\"ad_soyad\" required>\n        <\/div>\n       <div class=\"form-group\">\n  <label>Telefon Numaras\u0131<\/label>\n  <div style=\"display: flex; gap: 10px;\">\n    <select name=\"ulke_kodu\" required style=\"width: 50%;\" class=\"uagb-forms-input uagb-form-phone-country\">\n      <option value=\"+44\">UK (+44)<\/option>\n      <option value=\"+1\">USA \/ Canada (+1)<\/option>\n      <option value=\"+213\">Algeria (+213)<\/option>\n      <option value=\"+376\">Andorra (+376)<\/option>\n      <option value=\"+244\">Angola (+244)<\/option>\n      <option value=\"+1264\">Anguilla (+1264)<\/option>\n      <option value=\"+1268\">Antigua &amp; Barbuda (+1268)<\/option>\n      <option value=\"+54\">Argentina (+54)<\/option>\n      <option value=\"+374\">Armenia (+374)<\/option>\n      <option value=\"+297\">Aruba (+297)<\/option>\n      <option value=\"+61\">Australia (+61)<\/option>\n      <option value=\"+43\">Austria (+43)<\/option>\n      <option value=\"+994\">Azerbaijan (+994)<\/option>\n      <option value=\"+1242\">Bahamas (+1242)<\/option>\n      <option value=\"+973\">Bahrain (+973)<\/option>\n      <option value=\"+880\">Bangladesh (+880)<\/option>\n      <option value=\"+1246\">Barbados (+1246)<\/option>\n      <option value=\"+375\">Belarus (+375)<\/option>\n      <option value=\"+32\">Belgium (+32)<\/option>\n      <option value=\"+501\">Belize (+501)<\/option>\n      <option value=\"+229\">Benin (+229)<\/option>\n      <option value=\"+1441\">Bermuda (+1441)<\/option>\n      <option value=\"+975\">Bhutan (+975)<\/option>\n      <option value=\"+591\">Bolivia (+591)<\/option>\n      <option value=\"+387\">Bosnia Herzegovina (+387)<\/option>\n      <option value=\"+267\">Botswana (+267)<\/option>\n      <option value=\"+55\">Brazil (+55)<\/option>\n      <option value=\"+673\">Brunei (+673)<\/option>\n      <option value=\"+359\">Bulgaria (+359)<\/option>\n      <option value=\"+226\">Burkina Faso (+226)<\/option>\n      <option value=\"+257\">Burundi (+257)<\/option>\n      <option value=\"+855\">Cambodia (+855)<\/option>\n      <option value=\"+237\">Cameroon (+237)<\/option>\n      <option value=\"+238\">Cape Verde Islands (+238)<\/option>\n      <option value=\"+1345\">Cayman Islands (+1345)<\/option>\n      <option value=\"+236\">Central African Republic (+236)<\/option>\n      <option value=\"+56\">Chile (+56)<\/option>\n      <option value=\"+86\">China (+86)<\/option>\n      <option value=\"+57\">Colombia (+57)<\/option>\n      <option value=\"+269\">Comoros (+269)<\/option>\n      <option value=\"+242\">Congo (+242)<\/option>\n      <option value=\"+682\">Cook Islands (+682)<\/option>\n      <option value=\"+506\">Costa Rica (+506)<\/option>\n      <option value=\"+385\">Croatia (+385)<\/option>\n      <option value=\"+53\">Cuba (+53)<\/option>\n      <option value=\"+90392\">Cyprus North (+90392)<\/option>\n      <option value=\"+357\">Cyprus South (+357)<\/option>\n      <option value=\"+420\">Czech Republic (+420)<\/option>\n      <option value=\"+45\">Denmark (+45)<\/option>\n      <option value=\"+253\">Djibouti (+253)<\/option>\n      <option value=\"+1809\">Dominica (+1809)<\/option>\n      <option value=\"+1809\">Dominican Republic (+1809)<\/option>\n      <option value=\"+593\">Ecuador (+593)<\/option>\n      <option value=\"+20\">Egypt (+20)<\/option>\n      <option value=\"+503\">El Salvador (+503)<\/option>\n      <option value=\"+240\">Equatorial Guinea (+240)<\/option>\n      <option value=\"+291\">Eritrea (+291)<\/option>\n      <option value=\"+372\">Estonia (+372)<\/option>\n      <option value=\"+251\">Ethiopia (+251)<\/option>\n      <option value=\"+500\">Falkland Islands (+500)<\/option>\n      <option value=\"+298\">Faroe Islands (+298)<\/option>\n      <option value=\"+679\">Fiji (+679)<\/option>\n      <option value=\"+358\">Finland (+358)<\/option>\n      <option value=\"+33\">France (+33)<\/option>\n      <option value=\"+594\">French Guiana (+594)<\/option>\n      <option value=\"+689\">French Polynesia (+689)<\/option>\n      <option value=\"+241\">Gabon (+241)<\/option>\n      <option value=\"+220\">Gambia (+220)<\/option>\n      <option value=\"+7880\">Georgia (+7880)<\/option>\n      <option value=\"+49\">Germany (+49)<\/option>\n      <option value=\"+233\">Ghana (+233)<\/option>\n      <option value=\"+350\">Gibraltar (+350)<\/option>\n      <option value=\"+30\">Greece (+30)<\/option>\n      <option value=\"+299\">Greenland (+299)<\/option>\n      <option value=\"+1473\">Grenada (+1473)<\/option>\n      <option value=\"+590\">Guadeloupe (+590)<\/option>\n      <option value=\"+671\">Guam (+671)<\/option>\n      <option value=\"+502\">Guatemala (+502)<\/option>\n      <option value=\"+224\">Guinea (+224)<\/option>\n      <option value=\"+245\">Guinea - Bissau (+245)<\/option>\n      <option value=\"+592\">Guyana (+592)<\/option>\n      <option value=\"+509\">Haiti (+509)<\/option>\n      <option value=\"+504\">Honduras (+504)<\/option>\n      <option value=\"+852\">Hong Kong (+852)<\/option>\n      <option value=\"+36\">Hungary (+36)<\/option>\n      <option value=\"+354\">Iceland (+354)<\/option>\n      <option value=\"+91\">India (+91)<\/option>\n      <option value=\"+62\">Indonesia (+62)<\/option>\n      <option value=\"+98\">Iran (+98)<\/option>\n      <option value=\"+964\">Iraq (+964)<\/option>\n      <option value=\"+353\">Ireland (+353)<\/option>\n      <option value=\"+972\">Israel (+972)<\/option>\n      <option value=\"+39\">Italy (+39)<\/option>\n      <option value=\"+1876\">Jamaica (+1876)<\/option>\n      <option value=\"+81\">Japan (+81)<\/option>\n      <option value=\"+962\">Jordan (+962)<\/option>\n      <option value=\"+7\">Kazakhstan (+7)<\/option>\n      <option value=\"+254\">Kenya (+254)<\/option>\n      <option value=\"+686\">Kiribati (+686)<\/option>\n      <option value=\"+850\">Korea North (+850)<\/option>\n      <option value=\"+82\">Korea South (+82)<\/option>\n      <option value=\"+965\">Kuwait (+965)<\/option>\n      <option value=\"+996\">Kyrgyzstan (+996)<\/option>\n      <option value=\"+856\">Laos (+856)<\/option>\n      <option value=\"+371\">Latvia (+371)<\/option>\n      <option value=\"+961\">Lebanon (+961)<\/option>\n      <option value=\"+266\">Lesotho (+266)<\/option>\n      <option value=\"+231\">Liberia (+231)<\/option>\n      <option value=\"+218\">Libya (+218)<\/option>\n      <option value=\"+417\">Liechtenstein (+417)<\/option>\n      <option value=\"+370\">Lithuania (+370)<\/option>\n      <option value=\"+352\">Luxembourg (+352)<\/option>\n      <option value=\"+853\">Macao (+853)<\/option>\n      <option value=\"+389\">Macedonia (+389)<\/option>\n      <option value=\"+261\">Madagascar (+261)<\/option>\n      <option value=\"+265\">Malawi (+265)<\/option>\n      <option value=\"+60\">Malaysia (+60)<\/option>\n      <option value=\"+960\">Maldives (+960)<\/option>\n      <option value=\"+223\">Mali (+223)<\/option>\n      <option value=\"+356\">Malta (+356)<\/option>\n      <option value=\"+692\">Marshall Islands (+692)<\/option>\n      <option value=\"+596\">Martinique (+596)<\/option>\n      <option value=\"+222\">Mauritania (+222)<\/option>\n      <option value=\"+269\">Mayotte (+269)<\/option>\n      <option value=\"+52\">Mexico (+52)<\/option>\n      <option value=\"+691\">Micronesia (+691)<\/option>\n      <option value=\"+373\">Moldova (+373)<\/option>\n      <option value=\"+377\">Monaco (+377)<\/option>\n      <option value=\"+976\">Mongolia (+976)<\/option>\n      <option value=\"+1664\">Montserrat (+1664)<\/option>\n      <option value=\"+212\">Morocco (+212)<\/option>\n      <option value=\"+258\">Mozambique (+258)<\/option>\n      <option value=\"+95\">Myanmar (+95)<\/option>\n      <option value=\"+264\">Namibia (+264)<\/option>\n      <option value=\"+674\">Nauru (+674)<\/option>\n      <option value=\"+977\">Nepal (+977)<\/option>\n      <option value=\"+31\">Netherlands (+31)<\/option>\n      <option value=\"+687\">New Caledonia (+687)<\/option>\n      <option value=\"+64\">New Zealand (+64)<\/option>\n      <option value=\"+505\">Nicaragua (+505)<\/option>\n      <option value=\"+227\">Niger (+227)<\/option>\n      <option value=\"+234\">Nigeria (+234)<\/option>\n      <option value=\"+683\">Niue (+683)<\/option>\n      <option value=\"+672\">Norfolk Islands (+672)<\/option>\n      <option value=\"+670\">Northern Marianas (+670)<\/option>\n      <option value=\"+47\">Norway (+47)<\/option>\n      <option value=\"+968\">Oman (+968)<\/option>\n      <option value=\"+92\">Pakistan (+92)<\/option>\n      <option value=\"+970\">Palestine (+970)<\/option>\n      <option value=\"+507\">Panama (+507)<\/option>\n      <option value=\"+675\">Papua New Guinea (+675)<\/option>\n      <option value=\"+595\">Paraguay (+595)<\/option>\n      <option value=\"+51\">Peru (+51)<\/option>\n      <option value=\"+63\">Philippines (+63)<\/option>\n      <option value=\"+48\">Poland (+48)<\/option>\n      <option value=\"+351\">Portugal (+351)<\/option>\n      <option value=\"+974\">Qatar (+974)<\/option>\n      <option value=\"+40\">Romania (+40)<\/option>\n      <option value=\"+7\">Russia (+7)<\/option>\n      <option value=\"+966\">Saudi Arabia (+966)<\/option>\n      <option value=\"+381\">Serbia (+381)<\/option>\n      <option value=\"+65\">Singapore (+65)<\/option>\n      <option value=\"+421\">Slovakia (+421)<\/option>\n      <option value=\"+386\">Slovenia (+386)<\/option>\n      <option value=\"+27\">South Africa (+27)<\/option>\n      <option value=\"+34\">Spain (+34)<\/option>\n      <option value=\"+94\">Sri Lanka (+94)<\/option>\n      <option value=\"+46\">Sweden (+46)<\/option>\n      <option value=\"+41\">Switzerland (+41)<\/option>\n      <option value=\"+90\" selected>Turkey (+90)<\/option>\n      <option value=\"+380\">Ukraine (+380)<\/option>\n      <option value=\"+971\">United Arab Emirates (+971)<\/option>\n      <option value=\"+44\">United Kingdom (+44)<\/option>\n      <option value=\"+1\">United States (+1)<\/option>\n      <option value=\"+998\">Uzbekistan (+998)<\/option>\n      <option value=\"+58\">Venezuela (+58)<\/option>\n      <option value=\"+84\">Vietnam (+84)<\/option>\n      <option value=\"+260\">Zambia (+260)<\/option>\n      <option value=\"+263\">Zimbabwe (+263)<\/option>\n    <\/select>\n    <input type=\"tel\" name=\"telefon\" required style=\"width: 50%;\">\n  <\/div>\n<\/div>\n\n        <div class=\"form-group\">\n          <label>E-posta Adresiniz<\/label>\n          <input type=\"email\" name=\"email\" required>\n        <\/div>\n        <div class=\"form-group\">\n          <label>Talep Edilen Hizmet<\/label>\n          <div class=\"checkbox-group\">\n            <label><input type=\"checkbox\" name=\"hizmetler[]\" value=\"\u0130nsan Kaynaklar\u0131 Hizmetleri\"> \u0130nsan Kaynaklar\u0131 Hizmetleri<\/label>\n            <label><input type=\"checkbox\" name=\"hizmetler[]\" value=\"Teknik ve Sosyal Hizmetler\"> Teknik ve Sosyal Hizmetler<\/label>\n            <label><input type=\"checkbox\" name=\"hizmetler[]\" value=\"\u0130\u015f G\u00fcc\u00fc Destek Hizmetleri\"> \u0130\u015f G\u00fcc\u00fc Destek Hizmetleri<\/label>\n            <label><input type=\"checkbox\" name=\"hizmetler[]\" value=\"Temizlik Hizmetleri\"> Temizlik Hizmetleri<\/label>\n            <label><input type=\"checkbox\" name=\"hizmetler[]\" value=\"Dan\u0131\u015fmanl\u0131k Hizmetleri\"> Dan\u0131\u015fmanl\u0131k Hizmetleri<\/label>\n            <label><input type=\"checkbox\" name=\"hizmetler[]\" value=\"Te\u015fvik Hizmetleri\"> Te\u015fvik Hizmetleri<\/label>\n\t\t\t<label><input type=\"checkbox\" name=\"hizmetler[]\" value=\"Depo \u0130\u015fletmecili\u011fi ve Lojistik Destek Hizmetleri\"> Depo \u0130\u015fletmecili\u011fi ve Lojistik Destek Hizmetleri<\/label>\n            <label><input type=\"checkbox\" name=\"hizmetler[]\" value=\"G\u00fcnl\u00fck Yevmiyeli Personel Hizmetleri\"> G\u00fcnl\u00fck Yevmiyeli Personel Hizmetleri<\/label>\n          <\/div>\n        <\/div>\n        <div class=\"form-group\">\n          <label>Talepleriniz<\/label>\n          <textarea name=\"mesaj\" rows=\"4\" required><\/textarea>\n        <\/div>\n        <button type=\"submit\" class=\"submit-btn\">Onayla<\/button>\n      <\/form>\n    <\/div>\n\n    <div id=\"success-message\" style=\"display:none; text-align:center;\">\n      <h5>Mesaj\u0131n\u0131z ba\u015far\u0131yla g\u00f6nderildi<\/h5>\n      <p>En k\u0131sa s\u00fcrede sizinle ileti\u015fime ge\u00e7ece\u011fiz.<\/p>\n    <\/div>\n  <\/div>\n<\/div>\n\n<script>\nfunction openPopup() {\n  document.getElementById(\"popup-overlay\").style.display = \"flex\";\n}\n\nfunction closePopup() {\n  document.getElementById(\"popup-overlay\").style.display = \"none\";\n  document.getElementById(\"form-content\").style.display = \"block\";\n  document.getElementById(\"success-message\").style.display = \"none\";\n  history.pushState(\"\", document.title, window.location.pathname);\n}\n\n\/\/ Formu AJAX ile g\u00f6nder\nconst form = document.getElementById(\"hizmetForm\");\nform.addEventListener(\"submit\", function(e) {\n  e.preventDefault();\n\n  const formData = new FormData(form);\n  formData.append(\"action\", \"hizmet_form_gonder_ajax\");\n\n  fetch(\"\/wp-admin\/admin-ajax.php\", {\n    method: \"POST\",\n    body: formData\n  })\n  .then(res => res.text())\n  .then(data => {\n    form.reset();\n    document.getElementById(\"form-content\").style.display = \"none\";\n    document.getElementById(\"success-message\").style.display = \"block\";\n  })\n  .catch(err => alert(\"Hata: \" + err));\n});\n\n\/\/ Hash ile popup a\u00e7\nif (window.location.hash === \"#popup-ac\") openPopup();\nwindow.addEventListener(\"hashchange\", () => {\n  if (window.location.hash === \"#popup-ac\") openPopup();\n});\n<\/script>\t\t\t\t<\/div>\n\t\t\t\t<\/div>\n\t\t\t\t\t<\/div>\n\t\t\t\t<\/div>\n\t\t\t\t<\/div>\n\t\t","protected":false},"excerpt":{"rendered":"<p>\u0130nsan Kaynaklar\u0131 Hizmetleri HAJJI, i\u015fletmelerin insan kaynaklar\u0131 y\u00f6netimi s\u00fcre\u00e7lerini etkin bir \u015fekilde y\u00f6netmelerine yard\u0131mc\u0131 olur. Personel se\u00e7imi, i\u015fe al\u0131m, e\u011fitim ve geli\u015ftirme gibi alanlarda uzmanla\u015farak, i\u015fletmelerin en..<\/p>\n","protected":false},"author":1,"featured_media":0,"parent":0,"menu_order":0,"comment_status":"closed","ping_status":"closed","template":"","meta":{"footnotes":""},"class_list":["post-93299","page","type-page","status-publish","hentry"],"_links":{"self":[{"href":"http:\/\/hajji.com.tr\/index.php?rest_route=\/wp\/v2\/pages\/93299","targetHints":{"allow":["GET"]}}],"collection":[{"href":"http:\/\/hajji.com.tr\/index.php?rest_route=\/wp\/v2\/pages"}],"about":[{"href":"http:\/\/hajji.com.tr\/index.php?rest_route=\/wp\/v2\/types\/page"}],"author":[{"embeddable":true,"href":"http:\/\/hajji.com.tr\/index.php?rest_route=\/wp\/v2\/users\/1"}],"replies":[{"embeddable":true,"href":"http:\/\/hajji.com.tr\/index.php?rest_route=%2Fwp%2Fv2%2Fcomments&post=93299"}],"version-history":[{"count":26,"href":"http:\/\/hajji.com.tr\/index.php?rest_route=\/wp\/v2\/pages\/93299\/revisions"}],"predecessor-version":[{"id":94119,"href":"http:\/\/hajji.com.tr\/index.php?rest_route=\/wp\/v2\/pages\/93299\/revisions\/94119"}],"wp:attachment":[{"href":"http:\/\/hajji.com.tr\/index.php?rest_route=%2Fwp%2Fv2%2Fmedia&parent=93299"}],"curies":[{"name":"wp","href":"https:\/\/api.w.org\/{rel}","templated":true}]}}