{"id":93364,"date":"2025-06-10T14:35:37","date_gmt":"2025-06-10T14:35:37","guid":{"rendered":"http:\/\/hajji.com.tr\/?page_id=93364"},"modified":"2025-10-03T06:51:07","modified_gmt":"2025-10-03T06:51:07","slug":"iletisim","status":"publish","type":"page","link":"https:\/\/hajji.com.tr\/?page_id=93364","title":{"rendered":"\u0130leti\u015fim"},"content":{"rendered":"\t\t<div data-elementor-type=\"wp-page\" data-elementor-id=\"93364\" class=\"elementor elementor-93364\">\n\t\t\t\t<div class=\"elementor-element elementor-element-1ba2ef58 e-flex e-con-boxed e-con e-parent\" data-id=\"1ba2ef58\" data-element_type=\"container\">\n\t\t\t\t\t<div class=\"e-con-inner\">\n\t\t<div class=\"elementor-element elementor-element-5317f304 e-flex e-con-boxed e-con e-child\" data-id=\"5317f304\" data-element_type=\"container\" data-settings=\"{&quot;background_background&quot;:&quot;classic&quot;}\">\n\t\t\t\t\t<div class=\"e-con-inner\">\n\t\t<div class=\"elementor-element elementor-element-710d828d e-flex e-con-boxed e-con e-child\" data-id=\"710d828d\" data-element_type=\"container\">\n\t\t\t\t\t<div class=\"e-con-inner\">\n\t\t<div class=\"elementor-element elementor-element-69bb496c e-con-full e-flex e-con e-child\" data-id=\"69bb496c\" data-element_type=\"container\">\n\t\t\t\t<div class=\"elementor-element elementor-element-6972837 elementor-widget__width-initial cea-view-framed cea-shape-circle elementor-widget elementor-widget-ceafeaturebox\" data-id=\"6972837\" data-element_type=\"widget\" data-widget_type=\"ceafeaturebox.default\">\n\t\t\t\t<div class=\"elementor-widget-container feature-box-wrapper feature-box-default\">\n\t\t\t<div class=\"feature-box-inner\"><h4 class=\"feature-box-title\">E-mail<\/h4><div class=\"fbox-content\">info@hajji.com.tr<\/div><\/div>\t\t<\/div>\n\t\t\t\t<\/div>\n\t\t\t\t<\/div>\n\t\t<div class=\"elementor-element elementor-element-a88edc8 e-con-full e-flex e-con e-child\" data-id=\"a88edc8\" data-element_type=\"container\">\n\t\t\t\t<div class=\"elementor-element elementor-element-7b1105ec elementor-widget__width-initial cea-view-default elementor-widget elementor-widget-ceafeaturebox\" data-id=\"7b1105ec\" data-element_type=\"widget\" data-widget_type=\"ceafeaturebox.default\">\n\t\t\t\t<div class=\"elementor-widget-container feature-box-wrapper feature-box-default\">\n\t\t\t<div class=\"feature-box-inner\"><h4 class=\"feature-box-title\">Telefon<\/h4><div class=\"fbox-content\">+90 533 617 51 00<\/div><\/div>\t\t<\/div>\n\t\t\t\t<\/div>\n\t\t\t\t<\/div>\n\t\t<div class=\"elementor-element elementor-element-384434a e-con-full e-flex e-con e-child\" data-id=\"384434a\" data-element_type=\"container\">\n\t\t\t\t<div class=\"elementor-element elementor-element-762f85f9 elementor-widget__width-initial cea-view-default elementor-widget elementor-widget-ceafeaturebox\" data-id=\"762f85f9\" data-element_type=\"widget\" data-widget_type=\"ceafeaturebox.default\">\n\t\t\t\t<div class=\"elementor-widget-container feature-box-wrapper feature-box-default\">\n\t\t\t<div class=\"feature-box-inner\"><h4 class=\"feature-box-title\">Adres<\/h4><div class=\"fbox-content\">Ko\u015fuyolu Mahallesi Katip Salih Sokak No: 60\/3 Kad\u0131k\u00f6y\/\u0130stanbul<\/div><\/div>\t\t<\/div>\n\t\t\t\t<\/div>\n\t\t\t\t<\/div>\n\t\t<div class=\"elementor-element elementor-element-0863d15 e-grid e-con-full e-con e-child\" data-id=\"0863d15\" data-element_type=\"container\">\n\t\t\t\t<div class=\"elementor-element elementor-element-8a55e3b elementor-widget__width-initial elementor-widget elementor-widget-image\" data-id=\"8a55e3b\" data-element_type=\"widget\" data-widget_type=\"image.default\">\n\t\t\t\t<div class=\"elementor-widget-container\">\n\t\t\t\t\t\t\t\t\t\t\t\t\t\t\t<img fetchpriority=\"high\" decoding=\"async\" width=\"2048\" height=\"1024\" src=\"https:\/\/hajji.com.tr\/wp-content\/uploads\/2025\/06\/bcs-100-yil-2048x1024.png\" class=\"attachment-2048x2048 size-2048x2048 wp-image-93401\" alt=\"\" srcset=\"https:\/\/hajji.com.tr\/wp-content\/uploads\/2025\/06\/bcs-100-yil-2048x1024.png 2048w, https:\/\/hajji.com.tr\/wp-content\/uploads\/2025\/06\/bcs-100-yil-768x384.png 768w, https:\/\/hajji.com.tr\/wp-content\/uploads\/2025\/06\/bcs-100-yil-1536x768.png 1536w, https:\/\/hajji.com.tr\/wp-content\/uploads\/2025\/06\/bcs-100-yil-1200x600.png 1200w\" sizes=\"(max-width: 2048px) 100vw, 2048px\" \/>\t\t\t\t\t\t\t\t\t\t\t\t\t\t\t<\/div>\n\t\t\t\t<\/div>\n\t\t\t\t<\/div>\n\t\t\t\t\t<\/div>\n\t\t\t\t<\/div>\n\t\t<div class=\"elementor-element elementor-element-13463a2c e-con-full e-flex e-con e-child\" data-id=\"13463a2c\" data-element_type=\"container\" data-settings=\"{&quot;background_background&quot;:&quot;classic&quot;}\">\n\t\t\t\t<div class=\"elementor-element elementor-element-1bb01192 cea-tablet-align-center elementor-widget elementor-widget-ceasectiontitle\" data-id=\"1bb01192\" data-element_type=\"widget\" data-widget_type=\"ceasectiontitle.default\">\n\t\t\t\t<div class=\"elementor-widget-container\">\n\t\t\t\t\t<div class=\"section-title-wrapper\"><div class=\"title-wrap\"><h3 class=\"section-title\">Bize Ula\u015f\u0131n!<\/h3><\/div><!-- .title-wrap --><div class=\"section-description\"><\/div><!-- .section-description --><\/div><!-- .section-title-wrapper -->\t\t\t\t<\/div>\n\t\t\t\t<\/div>\n\t\t\t\t<div class=\"elementor-element elementor-element-41a60ad2 elementor-widget elementor-widget-contactform\" data-id=\"41a60ad2\" data-element_type=\"widget\" data-widget_type=\"contactform.default\">\n\t\t\t\t<div class=\"elementor-widget-container\">\n\t\t\t\t\t<div class=\"contact-form-wrapper cf-style-classic\"><div class=\"contact-form\">\n<div class=\"wpcf7 no-js\" id=\"wpcf7-f17016-o1\" lang=\"en-US\" dir=\"ltr\" data-wpcf7-id=\"17016\">\n<div class=\"screen-reader-response\"><p role=\"status\" aria-live=\"polite\" aria-atomic=\"true\"><\/p> <ul><\/ul><\/div>\n<form action=\"\/index.php?rest_route=%2Fwp%2Fv2%2Fpages%2F93364#wpcf7-f17016-o1\" method=\"post\" class=\"wpcf7-form init\" aria-label=\"Contact form\" novalidate=\"novalidate\" data-status=\"init\">\n<div style=\"display: none;\">\n<input type=\"hidden\" name=\"_wpcf7\" value=\"17016\" \/>\n<input type=\"hidden\" name=\"_wpcf7_version\" value=\"6.0.6\" \/>\n<input type=\"hidden\" name=\"_wpcf7_locale\" value=\"en_US\" \/>\n<input type=\"hidden\" name=\"_wpcf7_unit_tag\" value=\"wpcf7-f17016-o1\" \/>\n<input type=\"hidden\" name=\"_wpcf7_container_post\" value=\"0\" \/>\n<input type=\"hidden\" name=\"_wpcf7_posted_data_hash\" value=\"\" \/>\n<\/div>\n<div class=\"row\">\n\t<div class=\"col-md-6\">\n\t\t<p><span class=\"wpcf7-form-control-wrap\" data-name=\"your-name\"><input size=\"40\" maxlength=\"400\" class=\"wpcf7-form-control wpcf7-text wpcf7-validates-as-required\" aria-required=\"true\" aria-invalid=\"false\" placeholder=\"Ad\" value=\"\" type=\"text\" name=\"your-name\" \/><\/span>\n\t\t<\/p>\n\t<\/div>\n\t<div class=\"col-md-6\">\n\t\t<p><span class=\"wpcf7-form-control-wrap\" data-name=\"tel-977\"><input size=\"40\" maxlength=\"400\" class=\"wpcf7-form-control wpcf7-tel wpcf7-validates-as-required wpcf7-text wpcf7-validates-as-tel\" aria-required=\"true\" aria-invalid=\"false\" placeholder=\"Telefon\" value=\"\" type=\"tel\" name=\"tel-977\" \/><\/span>\n\t\t<\/p>\n\t<\/div>\n\t<div class=\"col-md-6\">\n\t\t<p><span class=\"wpcf7-form-control-wrap\" data-name=\"your-email\"><input size=\"40\" maxlength=\"400\" class=\"wpcf7-form-control wpcf7-email wpcf7-validates-as-required wpcf7-text wpcf7-validates-as-email\" aria-required=\"true\" aria-invalid=\"false\" placeholder=\"E-mail\" value=\"\" type=\"email\" name=\"your-email\" \/><\/span>\n\t\t<\/p>\n\t<\/div>\n\t<div class=\"col-md-6\">\n\t\t<p><span class=\"wpcf7-form-control-wrap\" data-name=\"your-subject\"><input size=\"40\" maxlength=\"400\" class=\"wpcf7-form-control wpcf7-text wpcf7-validates-as-required\" aria-required=\"true\" aria-invalid=\"false\" placeholder=\"Konu\" value=\"\" type=\"text\" name=\"your-subject\" \/><\/span>\n\t\t<\/p>\n\t<\/div>\n\t<div class=\"col-md-12\">\n\t\t<p><span class=\"wpcf7-form-control-wrap\" data-name=\"your-message\"><textarea cols=\"40\" rows=\"10\" maxlength=\"2000\" class=\"wpcf7-form-control wpcf7-textarea\" aria-invalid=\"false\" placeholder=\"Mesaj\u0131n\u0131z..\" name=\"your-message\"><\/textarea><\/span>\n\t\t<\/p>\n\t<\/div>\n\t<div class=\"col-md-12\">\n\t\t<p><input class=\"wpcf7-form-control wpcf7-submit has-spinner\" type=\"submit\" value=\"G\u00f6nder\" \/>\n\t\t<\/p>\n\t<\/div>\n<\/div><div class=\"wpcf7-response-output\" aria-hidden=\"true\"><\/div>\n<\/form>\n<\/div>\n<\/div><!-- .contact-form --><\/div><!-- .contact-form-wrapper -->\t\t\t\t<\/div>\n\t\t\t\t<\/div>\n\t\t\t\t<\/div>\n\t\t\t\t\t<\/div>\n\t\t\t\t<\/div>\n\t\t\t\t\t<\/div>\n\t\t\t\t<\/div>\n\t\t<div class=\"elementor-element elementor-element-5644807 e-con-full e-flex e-con e-parent\" data-id=\"5644807\" data-element_type=\"container\">\n\t\t\t\t<div class=\"elementor-element elementor-element-114f795f elementor-widget__width-initial elementor-widget elementor-widget-google_maps\" data-id=\"114f795f\" data-element_type=\"widget\" data-widget_type=\"google_maps.default\">\n\t\t\t\t<div class=\"elementor-widget-container\">\n\t\t\t\t\t\t\t<div class=\"elementor-custom-embed\">\n\t\t\t<iframe loading=\"lazy\"\n\t\t\t\t\tsrc=\"https:\/\/maps.google.com\/maps?q=Ko%C5%9Fuyolu%20Mahallesi%20Katip%20Salih%20Sokak%20No%3A%2060%2F3%20Kad%C4%B1k%C3%B6y%2F%C4%B0stanbul&#038;t=m&#038;z=11&#038;output=embed&#038;iwloc=near\"\n\t\t\t\t\ttitle=\"Ko\u015fuyolu Mahallesi Katip Salih Sokak No: 60\/3 Kad\u0131k\u00f6y\/\u0130stanbul\"\n\t\t\t\t\taria-label=\"Ko\u015fuyolu Mahallesi Katip Salih Sokak No: 60\/3 Kad\u0131k\u00f6y\/\u0130stanbul\"\n\t\t\t><\/iframe>\n\t\t<\/div>\n\t\t\t\t\t\t<\/div>\n\t\t\t\t<\/div>\n\t\t\t\t<\/div>\n\t\t<div class=\"elementor-element elementor-element-8a230c0 e-flex e-con-boxed e-con e-parent\" data-id=\"8a230c0\" data-element_type=\"container\">\n\t\t\t\t\t<div class=\"e-con-inner\">\n\t\t\t\t<div class=\"elementor-element elementor-element-b380839 elementor-widget elementor-widget-html\" data-id=\"b380839\" data-element_type=\"widget\" data-widget_type=\"html.default\">\n\t\t\t\t<div class=\"elementor-widget-container\">\n\t\t\t\t\t<!-- HTML: Popup ve Form Yap\u0131s\u0131 -->\n<style>\n  .popup-overlay {\n    position: fixed; top: 0; left: 0;\n    width: 100vw; height: 100vh;\n    background: rgba(0,0,0,0.7);\n    display: none; justify-content: center; align-items: center;\n    z-index: 9999;\n  }\n  .popup {\n    background: #fff; padding: 30px; border-radius: 10px;\n    max-width: 500px; width: 90%; font-family: sans-serif;\n    position: relative;\n  }\n  .close-btn {\n    position: absolute; top: 15px; right: 20px;\n    font-size: 24px; color: #333; cursor: pointer;\n  }\n  .form-group { margin-bottom: 15px; }\n  .form-group label { display: block; font-weight: bold; margin-bottom: 5px; }\n  .form-group input, .form-group select, .form-group textarea {\n    width: 100%; padding: 8px; border: 1px solid #ccc; border-radius: 5px;\n  }\n  .checkbox-group {\n    display: flex; flex-direction: column; gap: 8px;\n  }\n  .submit-btn {\n    background-color: #FFB30F; color: white;\n    padding: 10px 20px; border: none; border-radius: 6px; cursor: pointer;\n  }\n<\/style>\n\n<div class=\"popup-overlay\" id=\"popup-overlay\">\n  <div class=\"popup\">\n    <span class=\"close-btn\" onclick=\"closePopup()\">&times;<\/span>\n\n    <div id=\"form-content\">\n      <h5>Hizmet Talep Formu<\/h5>\n      <form id=\"hizmetForm\">\n        <div class=\"form-group\">\n          <label>Ad\u0131n\u0131z ve Soyad\u0131n\u0131z<\/label>\n          <input type=\"text\" name=\"ad_soyad\" required>\n        <\/div>\n       <div class=\"form-group\">\n  <label>Telefon Numaras\u0131<\/label>\n  <div style=\"display: flex; gap: 10px;\">\n    <select name=\"ulke_kodu\" required style=\"width: 50%;\" class=\"uagb-forms-input uagb-form-phone-country\">\n      <option value=\"+44\">UK (+44)<\/option>\n      <option value=\"+1\">USA \/ Canada (+1)<\/option>\n      <option value=\"+213\">Algeria (+213)<\/option>\n      <option value=\"+376\">Andorra (+376)<\/option>\n      <option value=\"+244\">Angola (+244)<\/option>\n      <option value=\"+1264\">Anguilla (+1264)<\/option>\n      <option value=\"+1268\">Antigua &amp; Barbuda (+1268)<\/option>\n      <option value=\"+54\">Argentina (+54)<\/option>\n      <option value=\"+374\">Armenia (+374)<\/option>\n      <option value=\"+297\">Aruba (+297)<\/option>\n      <option value=\"+61\">Australia (+61)<\/option>\n      <option value=\"+43\">Austria (+43)<\/option>\n      <option value=\"+994\">Azerbaijan (+994)<\/option>\n      <option value=\"+1242\">Bahamas (+1242)<\/option>\n      <option value=\"+973\">Bahrain (+973)<\/option>\n      <option value=\"+880\">Bangladesh (+880)<\/option>\n      <option value=\"+1246\">Barbados (+1246)<\/option>\n      <option value=\"+375\">Belarus (+375)<\/option>\n      <option value=\"+32\">Belgium (+32)<\/option>\n      <option value=\"+501\">Belize (+501)<\/option>\n      <option value=\"+229\">Benin (+229)<\/option>\n      <option value=\"+1441\">Bermuda (+1441)<\/option>\n      <option value=\"+975\">Bhutan (+975)<\/option>\n      <option value=\"+591\">Bolivia (+591)<\/option>\n      <option value=\"+387\">Bosnia Herzegovina (+387)<\/option>\n      <option value=\"+267\">Botswana (+267)<\/option>\n      <option value=\"+55\">Brazil (+55)<\/option>\n      <option value=\"+673\">Brunei (+673)<\/option>\n      <option value=\"+359\">Bulgaria (+359)<\/option>\n      <option value=\"+226\">Burkina Faso (+226)<\/option>\n      <option value=\"+257\">Burundi (+257)<\/option>\n      <option value=\"+855\">Cambodia (+855)<\/option>\n      <option value=\"+237\">Cameroon (+237)<\/option>\n      <option value=\"+238\">Cape Verde Islands (+238)<\/option>\n      <option value=\"+1345\">Cayman Islands (+1345)<\/option>\n      <option value=\"+236\">Central African Republic (+236)<\/option>\n      <option value=\"+56\">Chile (+56)<\/option>\n      <option value=\"+86\">China (+86)<\/option>\n      <option value=\"+57\">Colombia (+57)<\/option>\n      <option value=\"+269\">Comoros (+269)<\/option>\n      <option value=\"+242\">Congo (+242)<\/option>\n      <option value=\"+682\">Cook Islands (+682)<\/option>\n      <option value=\"+506\">Costa Rica (+506)<\/option>\n      <option value=\"+385\">Croatia (+385)<\/option>\n      <option value=\"+53\">Cuba (+53)<\/option>\n      <option value=\"+90392\">Cyprus North (+90392)<\/option>\n      <option value=\"+357\">Cyprus South (+357)<\/option>\n      <option value=\"+420\">Czech Republic (+420)<\/option>\n      <option value=\"+45\">Denmark (+45)<\/option>\n      <option value=\"+253\">Djibouti (+253)<\/option>\n      <option value=\"+1809\">Dominica (+1809)<\/option>\n      <option value=\"+1809\">Dominican Republic (+1809)<\/option>\n      <option value=\"+593\">Ecuador (+593)<\/option>\n      <option value=\"+20\">Egypt (+20)<\/option>\n      <option value=\"+503\">El Salvador (+503)<\/option>\n      <option value=\"+240\">Equatorial Guinea (+240)<\/option>\n      <option value=\"+291\">Eritrea (+291)<\/option>\n      <option value=\"+372\">Estonia (+372)<\/option>\n      <option value=\"+251\">Ethiopia (+251)<\/option>\n      <option value=\"+500\">Falkland Islands (+500)<\/option>\n      <option value=\"+298\">Faroe Islands (+298)<\/option>\n      <option value=\"+679\">Fiji (+679)<\/option>\n      <option value=\"+358\">Finland (+358)<\/option>\n      <option value=\"+33\">France (+33)<\/option>\n      <option value=\"+594\">French Guiana (+594)<\/option>\n      <option value=\"+689\">French Polynesia (+689)<\/option>\n      <option value=\"+241\">Gabon (+241)<\/option>\n      <option value=\"+220\">Gambia (+220)<\/option>\n      <option value=\"+7880\">Georgia (+7880)<\/option>\n      <option value=\"+49\">Germany (+49)<\/option>\n      <option value=\"+233\">Ghana (+233)<\/option>\n      <option value=\"+350\">Gibraltar (+350)<\/option>\n      <option value=\"+30\">Greece (+30)<\/option>\n      <option value=\"+299\">Greenland (+299)<\/option>\n      <option value=\"+1473\">Grenada (+1473)<\/option>\n      <option value=\"+590\">Guadeloupe (+590)<\/option>\n      <option value=\"+671\">Guam (+671)<\/option>\n      <option value=\"+502\">Guatemala (+502)<\/option>\n      <option value=\"+224\">Guinea (+224)<\/option>\n      <option value=\"+245\">Guinea - Bissau (+245)<\/option>\n      <option value=\"+592\">Guyana (+592)<\/option>\n      <option value=\"+509\">Haiti (+509)<\/option>\n      <option value=\"+504\">Honduras (+504)<\/option>\n      <option value=\"+852\">Hong Kong (+852)<\/option>\n      <option value=\"+36\">Hungary (+36)<\/option>\n      <option value=\"+354\">Iceland (+354)<\/option>\n      <option value=\"+91\">India (+91)<\/option>\n      <option value=\"+62\">Indonesia (+62)<\/option>\n      <option value=\"+98\">Iran (+98)<\/option>\n      <option value=\"+964\">Iraq (+964)<\/option>\n      <option value=\"+353\">Ireland (+353)<\/option>\n      <option value=\"+972\">Israel (+972)<\/option>\n      <option value=\"+39\">Italy (+39)<\/option>\n      <option value=\"+1876\">Jamaica (+1876)<\/option>\n      <option value=\"+81\">Japan (+81)<\/option>\n      <option value=\"+962\">Jordan (+962)<\/option>\n      <option value=\"+7\">Kazakhstan (+7)<\/option>\n      <option value=\"+254\">Kenya (+254)<\/option>\n      <option value=\"+686\">Kiribati (+686)<\/option>\n      <option value=\"+850\">Korea North (+850)<\/option>\n      <option value=\"+82\">Korea South (+82)<\/option>\n      <option value=\"+965\">Kuwait (+965)<\/option>\n      <option value=\"+996\">Kyrgyzstan (+996)<\/option>\n      <option value=\"+856\">Laos (+856)<\/option>\n      <option value=\"+371\">Latvia (+371)<\/option>\n      <option value=\"+961\">Lebanon (+961)<\/option>\n      <option value=\"+266\">Lesotho (+266)<\/option>\n      <option value=\"+231\">Liberia (+231)<\/option>\n      <option value=\"+218\">Libya (+218)<\/option>\n      <option value=\"+417\">Liechtenstein (+417)<\/option>\n      <option value=\"+370\">Lithuania (+370)<\/option>\n      <option value=\"+352\">Luxembourg (+352)<\/option>\n      <option value=\"+853\">Macao (+853)<\/option>\n      <option value=\"+389\">Macedonia (+389)<\/option>\n      <option value=\"+261\">Madagascar (+261)<\/option>\n      <option value=\"+265\">Malawi (+265)<\/option>\n      <option value=\"+60\">Malaysia (+60)<\/option>\n      <option value=\"+960\">Maldives (+960)<\/option>\n      <option value=\"+223\">Mali (+223)<\/option>\n      <option value=\"+356\">Malta (+356)<\/option>\n      <option value=\"+692\">Marshall Islands (+692)<\/option>\n      <option value=\"+596\">Martinique (+596)<\/option>\n      <option value=\"+222\">Mauritania (+222)<\/option>\n      <option value=\"+269\">Mayotte (+269)<\/option>\n      <option value=\"+52\">Mexico (+52)<\/option>\n      <option value=\"+691\">Micronesia (+691)<\/option>\n      <option value=\"+373\">Moldova (+373)<\/option>\n      <option value=\"+377\">Monaco (+377)<\/option>\n      <option value=\"+976\">Mongolia (+976)<\/option>\n      <option value=\"+1664\">Montserrat (+1664)<\/option>\n      <option value=\"+212\">Morocco (+212)<\/option>\n      <option value=\"+258\">Mozambique (+258)<\/option>\n      <option value=\"+95\">Myanmar (+95)<\/option>\n      <option value=\"+264\">Namibia (+264)<\/option>\n      <option value=\"+674\">Nauru (+674)<\/option>\n      <option value=\"+977\">Nepal (+977)<\/option>\n      <option value=\"+31\">Netherlands (+31)<\/option>\n      <option value=\"+687\">New Caledonia (+687)<\/option>\n      <option value=\"+64\">New Zealand (+64)<\/option>\n      <option value=\"+505\">Nicaragua (+505)<\/option>\n      <option value=\"+227\">Niger (+227)<\/option>\n      <option value=\"+234\">Nigeria (+234)<\/option>\n      <option value=\"+683\">Niue (+683)<\/option>\n      <option value=\"+672\">Norfolk Islands (+672)<\/option>\n      <option value=\"+670\">Northern Marianas (+670)<\/option>\n      <option value=\"+47\">Norway (+47)<\/option>\n      <option value=\"+968\">Oman (+968)<\/option>\n      <option value=\"+92\">Pakistan (+92)<\/option>\n      <option value=\"+970\">Palestine (+970)<\/option>\n      <option value=\"+507\">Panama (+507)<\/option>\n      <option value=\"+675\">Papua New Guinea (+675)<\/option>\n      <option value=\"+595\">Paraguay (+595)<\/option>\n      <option value=\"+51\">Peru (+51)<\/option>\n      <option value=\"+63\">Philippines (+63)<\/option>\n      <option value=\"+48\">Poland (+48)<\/option>\n      <option value=\"+351\">Portugal (+351)<\/option>\n      <option value=\"+974\">Qatar (+974)<\/option>\n      <option value=\"+40\">Romania (+40)<\/option>\n      <option value=\"+7\">Russia (+7)<\/option>\n      <option value=\"+966\">Saudi Arabia (+966)<\/option>\n      <option value=\"+381\">Serbia (+381)<\/option>\n      <option value=\"+65\">Singapore (+65)<\/option>\n      <option value=\"+421\">Slovakia (+421)<\/option>\n      <option value=\"+386\">Slovenia (+386)<\/option>\n      <option value=\"+27\">South Africa (+27)<\/option>\n      <option value=\"+34\">Spain (+34)<\/option>\n      <option value=\"+94\">Sri Lanka (+94)<\/option>\n      <option value=\"+46\">Sweden (+46)<\/option>\n      <option value=\"+41\">Switzerland (+41)<\/option>\n      <option value=\"+90\" selected>Turkey (+90)<\/option>\n      <option value=\"+380\">Ukraine (+380)<\/option>\n      <option value=\"+971\">United Arab Emirates (+971)<\/option>\n      <option value=\"+44\">United Kingdom (+44)<\/option>\n      <option value=\"+1\">United States (+1)<\/option>\n      <option value=\"+998\">Uzbekistan (+998)<\/option>\n      <option value=\"+58\">Venezuela (+58)<\/option>\n      <option value=\"+84\">Vietnam (+84)<\/option>\n      <option value=\"+260\">Zambia (+260)<\/option>\n      <option value=\"+263\">Zimbabwe (+263)<\/option>\n    <\/select>\n    <input type=\"tel\" name=\"telefon\" required style=\"width: 50%;\">\n  <\/div>\n<\/div>\n\n        <div class=\"form-group\">\n          <label>E-posta Adresiniz<\/label>\n          <input type=\"email\" name=\"email\" required>\n        <\/div>\n        <div class=\"form-group\">\n          <label>Talep Edilen Hizmet<\/label>\n          <div class=\"checkbox-group\">\n            <label><input type=\"checkbox\" name=\"hizmetler[]\" value=\"\u0130nsan Kaynaklar\u0131 Hizmetleri\"> \u0130nsan Kaynaklar\u0131 Hizmetleri<\/label>\n            <label><input type=\"checkbox\" name=\"hizmetler[]\" value=\"Teknik ve Sosyal Hizmetler\"> Teknik ve Sosyal Hizmetler<\/label>\n            <label><input type=\"checkbox\" name=\"hizmetler[]\" value=\"\u0130\u015f G\u00fcc\u00fc Destek Hizmetleri\"> \u0130\u015f G\u00fcc\u00fc Destek Hizmetleri<\/label>\n            <label><input type=\"checkbox\" name=\"hizmetler[]\" value=\"Temizlik Hizmetleri\"> Temizlik Hizmetleri<\/label>\n            <label><input type=\"checkbox\" name=\"hizmetler[]\" value=\"Dan\u0131\u015fmanl\u0131k Hizmetleri\"> Dan\u0131\u015fmanl\u0131k Hizmetleri<\/label>\n            <label><input type=\"checkbox\" name=\"hizmetler[]\" value=\"Te\u015fvik Hizmetleri\"> Te\u015fvik Hizmetleri<\/label>\n\t\t\t<label><input type=\"checkbox\" name=\"hizmetler[]\" value=\"Depo \u0130\u015fletmecili\u011fi ve Lojistik Destek Hizmetleri\"> Depo \u0130\u015fletmecili\u011fi ve Lojistik Destek Hizmetleri<\/label>\n            <label><input type=\"checkbox\" name=\"hizmetler[]\" value=\"G\u00fcnl\u00fck Yevmiyeli Personel Hizmetleri\"> G\u00fcnl\u00fck Yevmiyeli Personel Hizmetleri<\/label>\n          <\/div>\n        <\/div>\n        <div class=\"form-group\">\n          <label>Talepleriniz<\/label>\n          <textarea name=\"mesaj\" rows=\"4\" required><\/textarea>\n        <\/div>\n        <button type=\"submit\" class=\"submit-btn\">Onayla<\/button>\n      <\/form>\n    <\/div>\n\n    <div id=\"success-message\" style=\"display:none; text-align:center;\">\n      <h5>Mesaj\u0131n\u0131z ba\u015far\u0131yla g\u00f6nderildi<\/h5>\n      <p>En k\u0131sa s\u00fcrede sizinle ileti\u015fime ge\u00e7ece\u011fiz.<\/p>\n    <\/div>\n  <\/div>\n<\/div>\n\n<script>\nfunction openPopup() {\n  document.getElementById(\"popup-overlay\").style.display = \"flex\";\n}\n\nfunction closePopup() {\n  document.getElementById(\"popup-overlay\").style.display = \"none\";\n  document.getElementById(\"form-content\").style.display = \"block\";\n  document.getElementById(\"success-message\").style.display = \"none\";\n  history.pushState(\"\", document.title, window.location.pathname);\n}\n\n\/\/ Formu AJAX ile g\u00f6nder\nconst form = document.getElementById(\"hizmetForm\");\nform.addEventListener(\"submit\", function(e) {\n  e.preventDefault();\n\n  const formData = new FormData(form);\n  formData.append(\"action\", \"hizmet_form_gonder_ajax\");\n\n  fetch(\"\/wp-admin\/admin-ajax.php\", {\n    method: \"POST\",\n    body: formData\n  })\n  .then(res => res.text())\n  .then(data => {\n    form.reset();\n    document.getElementById(\"form-content\").style.display = \"none\";\n    document.getElementById(\"success-message\").style.display = \"block\";\n  })\n  .catch(err => alert(\"Hata: \" + err));\n});\n\n\/\/ Hash ile popup a\u00e7\nif (window.location.hash === \"#popup-ac\") openPopup();\nwindow.addEventListener(\"hashchange\", () => {\n  if (window.location.hash === \"#popup-ac\") openPopup();\n});\n<\/script>\t\t\t\t<\/div>\n\t\t\t\t<\/div>\n\t\t\t\t\t<\/div>\n\t\t\t\t<\/div>\n\t\t\t\t<\/div>\n\t\t","protected":false},"excerpt":{"rendered":"<p>E-mail info@hajji.com.tr Telefon +90 533 617 51 00 Adres Ko\u015fuyolu Mahallesi Katip Salih Sokak No: 60\/3 Kad\u0131k\u00f6y\/\u0130stanbul Bize Ula\u015f\u0131n! &times; Hizmet Talep Formu Ad\u0131n\u0131z ve Soyad\u0131n\u0131z Telefon..<\/p>\n","protected":false},"author":1,"featured_media":0,"parent":0,"menu_order":0,"comment_status":"closed","ping_status":"closed","template":"","meta":{"footnotes":""},"class_list":["post-93364","page","type-page","status-publish","hentry"],"_links":{"self":[{"href":"https:\/\/hajji.com.tr\/index.php?rest_route=\/wp\/v2\/pages\/93364","targetHints":{"allow":["GET"]}}],"collection":[{"href":"https:\/\/hajji.com.tr\/index.php?rest_route=\/wp\/v2\/pages"}],"about":[{"href":"https:\/\/hajji.com.tr\/index.php?rest_route=\/wp\/v2\/types\/page"}],"author":[{"embeddable":true,"href":"https:\/\/hajji.com.tr\/index.php?rest_route=\/wp\/v2\/users\/1"}],"replies":[{"embeddable":true,"href":"https:\/\/hajji.com.tr\/index.php?rest_route=%2Fwp%2Fv2%2Fcomments&post=93364"}],"version-history":[{"count":79,"href":"https:\/\/hajji.com.tr\/index.php?rest_route=\/wp\/v2\/pages\/93364\/revisions"}],"predecessor-version":[{"id":94105,"href":"https:\/\/hajji.com.tr\/index.php?rest_route=\/wp\/v2\/pages\/93364\/revisions\/94105"}],"wp:attachment":[{"href":"https:\/\/hajji.com.tr\/index.php?rest_route=%2Fwp%2Fv2%2Fmedia&parent=93364"}],"curies":[{"name":"wp","href":"https:\/\/api.w.org\/{rel}","templated":true}]}}